{"id":740,"date":"2025-11-26T09:29:31","date_gmt":"2025-11-26T08:29:31","guid":{"rendered":"https:\/\/www.brookmedia.de\/?page_id=740"},"modified":"2025-12-11T12:43:37","modified_gmt":"2025-12-11T11:43:37","slug":"how-to-reach-us","status":"publish","type":"page","link":"https:\/\/www.brookmedia.de\/en\/wie-sie-uns-erreichen\/","title":{"rendered":"How to reach us"},"content":{"rendered":"<div data-elementor-type=\"wp-page\" data-elementor-id=\"740\" class=\"elementor elementor-740\" data-elementor-post-type=\"page\">\n\t\t\t\t<div class=\"elementor-element elementor-element-d9f84cf e-flex e-con-boxed e-con e-parent\" data-id=\"d9f84cf\" data-element_type=\"container\" data-e-type=\"container\" data-settings=\"{&quot;background_background&quot;:&quot;classic&quot;}\">\n\t\t\t\t\t<div class=\"e-con-inner\">\n\t\t\t\t<div class=\"elementor-element elementor-element-c75f4a2 elementor-widget__width-initial elementor-widget-laptop__width-initial elementor-widget-mobile__width-initial elementor-widget elementor-widget-heading\" data-id=\"c75f4a2\" data-element_type=\"widget\" data-e-type=\"widget\" data-widget_type=\"heading.default\">\n\t\t\t\t\t<h1 class=\"elementor-heading-title elementor-size-default\">Welcome to our offices \nin Hamburg and Cologne!<\/h1>\t\t\t\t<\/div>\n\t\t<div class=\"elementor-element elementor-element-d66731a e-con-full e-flex e-con e-child\" data-id=\"d66731a\" data-element_type=\"container\" data-e-type=\"container\">\n\t\t<div class=\"elementor-element elementor-element-ceca986 e-con-full e-flex e-con e-child\" data-id=\"ceca986\" data-element_type=\"container\" data-e-type=\"container\">\n\t\t\t\t<div class=\"elementor-element elementor-element-ffb777c elementor-widget elementor-widget-image\" data-id=\"ffb777c\" data-element_type=\"widget\" data-e-type=\"widget\" data-widget_type=\"image.default\">\n\t\t\t\t\t\t\t\t\t\t\t\t\t\t\t<img fetchpriority=\"high\" decoding=\"async\" width=\"2000\" height=\"1674\" src=\"https:\/\/www.brookmedia.de\/wp-content\/uploads\/2025\/12\/brookmedia-founder-team.webp\" class=\"attachment-full size-full wp-image-1819\" alt=\"brookmedia founder team\" srcset=\"https:\/\/www.brookmedia.de\/wp-content\/uploads\/2025\/12\/brookmedia-founder-team.webp 2000w, https:\/\/www.brookmedia.de\/wp-content\/uploads\/2025\/12\/brookmedia-founder-team-300x251.webp 300w, https:\/\/www.brookmedia.de\/wp-content\/uploads\/2025\/12\/brookmedia-founder-team-1024x857.webp 1024w, https:\/\/www.brookmedia.de\/wp-content\/uploads\/2025\/12\/brookmedia-founder-team-768x643.webp 768w, https:\/\/www.brookmedia.de\/wp-content\/uploads\/2025\/12\/brookmedia-founder-team-1536x1286.webp 1536w, https:\/\/www.brookmedia.de\/wp-content\/uploads\/2025\/12\/brookmedia-founder-team-14x12.webp 14w, https:\/\/www.brookmedia.de\/wp-content\/uploads\/2025\/12\/brookmedia-founder-team-650x544.webp 650w\" sizes=\"(max-width: 2000px) 100vw, 2000px\" \/>\t\t\t\t\t\t\t\t\t\t\t\t\t\t\t<\/div>\n\t\t\t\t<div class=\"elementor-element elementor-element-724b9b9 elementor-widget elementor-widget-image\" data-id=\"724b9b9\" data-element_type=\"widget\" data-e-type=\"widget\" data-widget_type=\"image.default\">\n\t\t\t\t\t\t\t\t\t\t\t\t\t\t\t<img decoding=\"async\" width=\"1280\" height=\"854\" src=\"https:\/\/www.brookmedia.de\/wp-content\/uploads\/2025\/12\/2025_10_Pfalz_IV_0118.webp\" class=\"attachment-full size-full wp-image-2219\" alt=\"2025 10 pfalz iv 0118\" srcset=\"https:\/\/www.brookmedia.de\/wp-content\/uploads\/2025\/12\/2025_10_Pfalz_IV_0118.webp 1280w, https:\/\/www.brookmedia.de\/wp-content\/uploads\/2025\/12\/2025_10_Pfalz_IV_0118-300x200.webp 300w, https:\/\/www.brookmedia.de\/wp-content\/uploads\/2025\/12\/2025_10_Pfalz_IV_0118-1024x683.webp 1024w, https:\/\/www.brookmedia.de\/wp-content\/uploads\/2025\/12\/2025_10_Pfalz_IV_0118-768x512.webp 768w, https:\/\/www.brookmedia.de\/wp-content\/uploads\/2025\/12\/2025_10_Pfalz_IV_0118-18x12.webp 18w, https:\/\/www.brookmedia.de\/wp-content\/uploads\/2025\/12\/2025_10_Pfalz_IV_0118-650x434.webp 650w\" sizes=\"(max-width: 1280px) 100vw, 1280px\" \/>\t\t\t\t\t\t\t\t\t\t\t\t\t\t\t<\/div>\n\t\t\t\t<\/div>\n\t\t<div class=\"elementor-element elementor-element-28df978 e-con-full e-flex e-con e-child\" data-id=\"28df978\" data-element_type=\"container\" data-e-type=\"container\">\n\t\t\t\t<div class=\"elementor-element elementor-element-fabe55d elementor-widget elementor-widget-image\" data-id=\"fabe55d\" data-element_type=\"widget\" data-e-type=\"widget\" data-widget_type=\"image.default\">\n\t\t\t\t\t\t\t\t\t\t\t\t\t\t\t<img decoding=\"async\" width=\"594\" height=\"395\" src=\"https:\/\/www.brookmedia.de\/wp-content\/uploads\/2025\/11\/brookmedia-office.webp\" class=\"attachment-full size-full wp-image-745\" alt=\"brookmedia office\" srcset=\"https:\/\/www.brookmedia.de\/wp-content\/uploads\/2025\/11\/brookmedia-office.webp 594w, https:\/\/www.brookmedia.de\/wp-content\/uploads\/2025\/11\/brookmedia-office-300x199.webp 300w\" sizes=\"(max-width: 594px) 100vw, 594px\" \/>\t\t\t\t\t\t\t\t\t\t\t\t\t\t\t<\/div>\n\t\t\t\t<\/div>\n\t\t\t\t<\/div>\n\t\t<div class=\"elementor-element elementor-element-b9db05a e-con-full e-flex e-con e-child\" data-id=\"b9db05a\" data-element_type=\"container\" data-e-type=\"container\">\n\t\t<div class=\"elementor-element elementor-element-d985e2d e-con-full e-flex e-con e-child\" data-id=\"d985e2d\" data-element_type=\"container\" data-e-type=\"container\">\n\t\t\t\t<div class=\"elementor-element elementor-element-2562540 elementor-widget__width-initial elementor-widget elementor-widget-heading\" data-id=\"2562540\" data-element_type=\"widget\" data-e-type=\"widget\" data-widget_type=\"heading.default\">\n\t\t\t\t\t<h2 class=\"elementor-heading-title elementor-size-default\">Hamburg<\/h2>\t\t\t\t<\/div>\n\t\t\t\t<div class=\"elementor-element elementor-element-793f424 elementor-widget elementor-widget-text-editor\" data-id=\"793f424\" data-element_type=\"widget\" data-e-type=\"widget\" data-widget_type=\"text-editor.default\">\n\t\t\t\t\t\t\t\t\t<p>brookmedia<br \/>Management GmbH<br \/>Hegestra\u00dfe 40<br \/>20251 Hamburg <br>Germany<br \/>Phone: +49 40 609 44 80 41<br \/><a href=\"mailto:bl@brookmedia.de\">bl@brookmedia.de<\/a><br \/><a href=\"mailto:cb@brookmedia.de\">cb@brookmedia.de<\/a><\/p>\t\t\t\t\t\t\t\t<\/div>\n\t\t\t\t<div class=\"elementor-element elementor-element-a55323e elementor-widget elementor-widget-image\" data-id=\"a55323e\" data-element_type=\"widget\" data-e-type=\"widget\" data-widget_type=\"image.default\">\n\t\t\t\t\t\t\t\t\t\t\t\t\t\t\t\t<a href=\"https:\/\/maps.app.goo.gl\/n6cS6s6YXHwQUU8f7\" target=\"_blank\">\n\t\t\t\t\t\t\t<img loading=\"lazy\" decoding=\"async\" width=\"2560\" height=\"1857\" src=\"https:\/\/www.brookmedia.de\/wp-content\/uploads\/2025\/12\/bm_karte_hamburg.webp\" class=\"attachment-full size-full wp-image-1712\" alt=\"bm karte hamburg\" srcset=\"https:\/\/www.brookmedia.de\/wp-content\/uploads\/2025\/12\/bm_karte_hamburg.webp 2560w, https:\/\/www.brookmedia.de\/wp-content\/uploads\/2025\/12\/bm_karte_hamburg-300x218.webp 300w, https:\/\/www.brookmedia.de\/wp-content\/uploads\/2025\/12\/bm_karte_hamburg-1024x743.webp 1024w, https:\/\/www.brookmedia.de\/wp-content\/uploads\/2025\/12\/bm_karte_hamburg-768x557.webp 768w, https:\/\/www.brookmedia.de\/wp-content\/uploads\/2025\/12\/bm_karte_hamburg-1536x1114.webp 1536w, https:\/\/www.brookmedia.de\/wp-content\/uploads\/2025\/12\/bm_karte_hamburg-2048x1486.webp 2048w, https:\/\/www.brookmedia.de\/wp-content\/uploads\/2025\/12\/bm_karte_hamburg-18x12.webp 18w, https:\/\/www.brookmedia.de\/wp-content\/uploads\/2025\/12\/bm_karte_hamburg-650x472.webp 650w\" sizes=\"(max-width: 2560px) 100vw, 2560px\" \/>\t\t\t\t\t\t\t\t<\/a>\n\t\t\t\t\t\t\t\t\t\t\t\t\t\t\t<\/div>\n\t\t\t\t<\/div>\n\t\t<div class=\"elementor-element elementor-element-ec56deb e-con-full e-flex e-con e-child\" data-id=\"ec56deb\" data-element_type=\"container\" data-e-type=\"container\">\n\t\t\t\t<div class=\"elementor-element elementor-element-fa0a52f elementor-widget__width-initial elementor-widget elementor-widget-heading\" data-id=\"fa0a52f\" data-element_type=\"widget\" data-e-type=\"widget\" data-widget_type=\"heading.default\">\n\t\t\t\t\t<h2 class=\"elementor-heading-title elementor-size-default\">Cologne<\/h2>\t\t\t\t<\/div>\n\t\t\t\t<div class=\"elementor-element elementor-element-3e43c45 elementor-widget elementor-widget-text-editor\" data-id=\"3e43c45\" data-element_type=\"widget\" data-e-type=\"widget\" data-widget_type=\"text-editor.default\">\n\t\t\t\t\t\t\t\t\t<p>brookmedia<br \/>Management GmbH<br \/>F\u00f6rsterstr. 11<br \/>50823 Cologne<br>Germany<br \/>Tel. +49 175 437 67 39<br \/><a href=\"mailto:pp@brookmedia.de\">pp@brookmedia.de<\/a><\/p>\t\t\t\t\t\t\t\t<\/div>\n\t\t\t\t<div class=\"elementor-element elementor-element-e6045a4 elementor-widget elementor-widget-image\" data-id=\"e6045a4\" data-element_type=\"widget\" data-e-type=\"widget\" data-widget_type=\"image.default\">\n\t\t\t\t\t\t\t\t\t\t\t\t\t\t\t\t<a href=\"https:\/\/maps.app.goo.gl\/YgkuytshEfvkryTK8\" target=\"_blank\">\n\t\t\t\t\t\t\t<img loading=\"lazy\" decoding=\"async\" width=\"2560\" height=\"1856\" src=\"https:\/\/www.brookmedia.de\/wp-content\/uploads\/2025\/12\/bm_karte_koeln.webp\" class=\"attachment-full size-full wp-image-1713\" alt=\"bm karte koeln\" srcset=\"https:\/\/www.brookmedia.de\/wp-content\/uploads\/2025\/12\/bm_karte_koeln.webp 2560w, https:\/\/www.brookmedia.de\/wp-content\/uploads\/2025\/12\/bm_karte_koeln-300x218.webp 300w, https:\/\/www.brookmedia.de\/wp-content\/uploads\/2025\/12\/bm_karte_koeln-1024x742.webp 1024w, https:\/\/www.brookmedia.de\/wp-content\/uploads\/2025\/12\/bm_karte_koeln-768x557.webp 768w, https:\/\/www.brookmedia.de\/wp-content\/uploads\/2025\/12\/bm_karte_koeln-1536x1114.webp 1536w, https:\/\/www.brookmedia.de\/wp-content\/uploads\/2025\/12\/bm_karte_koeln-2048x1485.webp 2048w, https:\/\/www.brookmedia.de\/wp-content\/uploads\/2025\/12\/bm_karte_koeln-18x12.webp 18w, https:\/\/www.brookmedia.de\/wp-content\/uploads\/2025\/12\/bm_karte_koeln-650x471.webp 650w\" sizes=\"(max-width: 2560px) 100vw, 2560px\" \/>\t\t\t\t\t\t\t\t<\/a>\n\t\t\t\t\t\t\t\t\t\t\t\t\t\t\t<\/div>\n\t\t\t\t<\/div>\n\t\t\t\t<\/div>\n\t\t\t\t\t<\/div>\n\t\t\t\t<\/div>\n\t\t\t\t<\/div>","protected":false},"excerpt":{"rendered":"<p>Willkommen in unseren B\u00fcros in Hamburg und K\u00f6ln! Hamburg brookmediaManagement GmbHHegestra\u00dfe 4020251 HamburgTel. +49 40 609 44 80 41bl@brookmedia.decb@brookmedia.de K\u00f6ln brookmediaManagement GmbHF\u00f6rsterstr. [&hellip;]<\/p>\n","protected":false},"author":2,"featured_media":0,"parent":0,"menu_order":0,"comment_status":"closed","ping_status":"closed","template":"elementor_header_footer","meta":{"_seopress_robots_primary_cat":"","_seopress_titles_title":"Kontakt | Wie Sie uns erreichen | brookmedia","_seopress_titles_desc":"Nehmen Sie Kontakt mit brookmedia auf. Hier finden Sie unsere Adressen in Hamburg und K\u00f6ln, Telefonnummern und E-Mail f\u00fcr Ihre Anfragen.","_seopress_robots_index":"","footnotes":""},"class_list":["post-740","page","type-page","status-publish","hentry"],"_links":{"self":[{"href":"https:\/\/www.brookmedia.de\/en\/wp-json\/wp\/v2\/pages\/740","targetHints":{"allow":["GET"]}}],"collection":[{"href":"https:\/\/www.brookmedia.de\/en\/wp-json\/wp\/v2\/pages"}],"about":[{"href":"https:\/\/www.brookmedia.de\/en\/wp-json\/wp\/v2\/types\/page"}],"author":[{"embeddable":true,"href":"https:\/\/www.brookmedia.de\/en\/wp-json\/wp\/v2\/users\/2"}],"replies":[{"embeddable":true,"href":"https:\/\/www.brookmedia.de\/en\/wp-json\/wp\/v2\/comments?post=740"}],"version-history":[{"count":49,"href":"https:\/\/www.brookmedia.de\/en\/wp-json\/wp\/v2\/pages\/740\/revisions"}],"predecessor-version":[{"id":2223,"href":"https:\/\/www.brookmedia.de\/en\/wp-json\/wp\/v2\/pages\/740\/revisions\/2223"}],"wp:attachment":[{"href":"https:\/\/www.brookmedia.de\/en\/wp-json\/wp\/v2\/media?parent=740"}],"curies":[{"name":"wp","href":"https:\/\/api.w.org\/{rel}","templated":true}]}}